{"id":1970,"date":"2023-07-17T11:49:43","date_gmt":"2023-07-17T17:49:43","guid":{"rendered":"http:\/\/ferba.net\/?page_id=1970"},"modified":"2025-02-05T14:58:14","modified_gmt":"2025-02-05T20:58:14","slug":"flexsort","status":"publish","type":"page","link":"https:\/\/ferba.net\/es\/flexsort\/","title":{"rendered":"Flexsort"},"content":{"rendered":"\t\t<div data-elementor-type=\"wp-page\" data-elementor-id=\"1970\" class=\"elementor elementor-1970\" data-elementor-post-type=\"page\">\n\t\t\t\t\t\t\t<div class=\"elementor-element elementor-element-8ade77a e-con-full e-flex e-con\" data-id=\"8ade77a\" data-element_type=\"container\" data-settings=\"{&quot;content_width&quot;:&quot;full&quot;,&quot;background_background&quot;:&quot;classic&quot;}\">\n\t\t<div class=\"elementor-element elementor-element-2ea400d e-con-full e-flex elementor-invisible e-con\" data-id=\"2ea400d\" data-element_type=\"container\" data-settings=\"{&quot;content_width&quot;:&quot;full&quot;,&quot;background_background&quot;:&quot;classic&quot;,&quot;animation&quot;:&quot;fadeIn&quot;}\">\n\t\t\t\t<div class=\"elementor-element elementor-element-cfaa293 elementor-widget__width-initial elementor-widget elementor-widget-heading\" data-id=\"cfaa293\" data-element_type=\"widget\" data-widget_type=\"heading.default\">\n\t\t\t\t<div class=\"elementor-widget-container\">\n\t\t\t<style>\/*! elementor - v3.15.0 - 31-07-2023 *\/\n.elementor-heading-title{padding:0;margin:0;line-height:1}.elementor-widget-heading .elementor-heading-title[class*=elementor-size-]>a{color:inherit;font-size:inherit;line-height:inherit}.elementor-widget-heading .elementor-heading-title.elementor-size-small{font-size:15px}.elementor-widget-heading .elementor-heading-title.elementor-size-medium{font-size:19px}.elementor-widget-heading .elementor-heading-title.elementor-size-large{font-size:29px}.elementor-widget-heading .elementor-heading-title.elementor-size-xl{font-size:39px}.elementor-widget-heading .elementor-heading-title.elementor-size-xxl{font-size:59px}<\/style><h2 class=\"elementor-heading-title elementor-size-default\">Flexsort<\/h2>\t\t<\/div>\n\t\t\t\t<\/div>\n\t\t\t\t<div class=\"elementor-element elementor-element-d49504d elementor-blockquote--skin-border elementor-blockquote--button-color-official elementor-widget elementor-widget-blockquote\" data-id=\"d49504d\" data-element_type=\"widget\" data-widget_type=\"blockquote.default\">\n\t\t\t\t<div class=\"elementor-widget-container\">\n\t\t\t<style>\/*! elementor-pro - v3.15.0 - 09-08-2023 *\/\n@charset \"UTF-8\";.entry-content blockquote.elementor-blockquote:not(.alignright):not(.alignleft),.entry-summary blockquote.elementor-blockquote{margin-right:0;margin-left:0}.elementor-widget-blockquote blockquote{margin:0;padding:0;outline:0;font-size:100%;vertical-align:baseline;background:transparent;quotes:none;border:0;font-style:normal;color:#3f444b}.elementor-widget-blockquote blockquote .e-q-footer:after,.elementor-widget-blockquote blockquote .e-q-footer:before,.elementor-widget-blockquote blockquote:after,.elementor-widget-blockquote blockquote:before,.elementor-widget-blockquote blockquote cite:after,.elementor-widget-blockquote blockquote cite:before{content:none}.elementor-blockquote{transition:.3s}.elementor-blockquote__author,.elementor-blockquote__content{margin-bottom:0;font-style:normal}.elementor-blockquote__author{font-weight:700}.elementor-blockquote .e-q-footer{margin-top:12px;display:flex;justify-content:space-between}.elementor-blockquote__tweet-button{display:flex;transition:.3s;color:#1da1f2;align-self:flex-end;line-height:1;position:relative;width:-moz-max-content;width:max-content}.elementor-blockquote__tweet-button:hover{color:#0967a0}.elementor-blockquote__tweet-button span{font-weight:600}.elementor-blockquote__tweet-button i,.elementor-blockquote__tweet-button span{vertical-align:middle}.elementor-blockquote__tweet-button i+span,.elementor-blockquote__tweet-button svg+span{margin-left:.5em}.elementor-blockquote__tweet-button svg{fill:#1da1f2;height:1em;width:1em}.elementor-blockquote__tweet-label{white-space:pre-wrap}.elementor-blockquote--button-skin-bubble .elementor-blockquote__tweet-button,.elementor-blockquote--button-skin-classic .elementor-blockquote__tweet-button{padding:.7em 1.2em;border-radius:100em;background-color:#1da1f2;color:#fff;font-size:15px}.elementor-blockquote--button-skin-bubble .elementor-blockquote__tweet-button:hover,.elementor-blockquote--button-skin-classic .elementor-blockquote__tweet-button:hover{background-color:#0967a0;color:#fff}.elementor-blockquote--button-skin-bubble .elementor-blockquote__tweet-button:hover:before,.elementor-blockquote--button-skin-classic .elementor-blockquote__tweet-button:hover:before{border-right-color:#0967a0}.elementor-blockquote--button-skin-bubble .elementor-blockquote__tweet-button svg,.elementor-blockquote--button-skin-classic .elementor-blockquote__tweet-button svg{fill:#fff;height:1em;width:1em}.elementor-blockquote--button-skin-bubble.elementor-blockquote--button-view-icon .elementor-blockquote__tweet-button,.elementor-blockquote--button-skin-classic.elementor-blockquote--button-view-icon .elementor-blockquote__tweet-button{padding:0;width:2em;height:2em}.elementor-blockquote--button-skin-bubble.elementor-blockquote--button-view-icon .elementor-blockquote__tweet-button i,.elementor-blockquote--button-skin-classic.elementor-blockquote--button-view-icon .elementor-blockquote__tweet-button i{position:absolute;left:50%;top:50%;transform:translate(-50%,-50%)}.elementor-blockquote--button-skin-bubble .elementor-blockquote__tweet-button:before{content:\"\";border:.5em solid transparent;border-right-color:#1da1f2;position:absolute;left:-.8em;top:50%;transform:translateY(-50%) scaleY(.65);transition:.3s}.elementor-blockquote--button-skin-bubble.elementor-blockquote--align-left .elementor-blockquote__tweet-button:before{right:auto;left:-.8em;border-right-color:#1da1f2;border-left-color:transparent}.elementor-blockquote--button-skin-bubble.elementor-blockquote--align-left .elementor-blockquote__tweet-button:hover:before{border-right-color:#0967a0}.elementor-blockquote--button-skin-bubble.elementor-blockquote--align-right .elementor-blockquote__tweet-button:before{left:auto;right:-.8em;border-right-color:transparent;border-left-color:#1da1f2}.elementor-blockquote--button-skin-bubble.elementor-blockquote--align-right .elementor-blockquote__tweet-button:hover:before{border-left-color:#0967a0}.elementor-blockquote--skin-boxed .elementor-blockquote{background-color:#f9fafa;padding:30px}.elementor-blockquote--skin-border .elementor-blockquote{border-color:#f9fafa;border-left:7px #f9fafa;border-style:solid;padding-left:20px}.elementor-blockquote--skin-quotation .elementor-blockquote:before{content:\"\u201c\";font-size:100px;color:#f9fafa;font-family:Times New Roman,Times,serif;font-weight:900;line-height:1;display:block;height:.6em}.elementor-blockquote--skin-quotation .elementor-blockquote__content{margin-top:15px}.elementor-blockquote--align-left .elementor-blockquote__content{text-align:left}.elementor-blockquote--align-left .elementor-blockquote .e-q-footer{flex-direction:row}.elementor-blockquote--align-right .elementor-blockquote__content{text-align:right}.elementor-blockquote--align-right .elementor-blockquote .e-q-footer{flex-direction:row-reverse}.elementor-blockquote--align-center .elementor-blockquote{text-align:center}.elementor-blockquote--align-center .elementor-blockquote .e-q-footer,.elementor-blockquote--align-center .elementor-blockquote__author{display:block}.elementor-blockquote--align-center .elementor-blockquote__tweet-button{margin-right:auto;margin-left:auto}<\/style>\t\t<blockquote class=\"elementor-blockquote\">\n\t\t\t<p class=\"elementor-blockquote__content\">\n\t\t\t\t\u201cSistema electr\u00f3nico de calibraci\u00f3n\u201d\t\t\t<\/p>\n\t\t\t\t\t<\/blockquote>\n\t\t\t\t<\/div>\n\t\t\t\t<\/div>\n\t\t\t\t<div class=\"elementor-element elementor-element-b1097ea elementor-widget__width-initial elementor-widget elementor-widget-text-editor\" data-id=\"b1097ea\" data-element_type=\"widget\" data-widget_type=\"text-editor.default\">\n\t\t\t\t<div class=\"elementor-widget-container\">\n\t\t\t<style>\/*! elementor - v3.15.0 - 31-07-2023 *\/\n.elementor-widget-text-editor.elementor-drop-cap-view-stacked .elementor-drop-cap{background-color:#69727d;color:#fff}.elementor-widget-text-editor.elementor-drop-cap-view-framed .elementor-drop-cap{color:#69727d;border:3px solid;background-color:transparent}.elementor-widget-text-editor:not(.elementor-drop-cap-view-default) .elementor-drop-cap{margin-top:8px}.elementor-widget-text-editor:not(.elementor-drop-cap-view-default) .elementor-drop-cap-letter{width:1em;height:1em}.elementor-widget-text-editor .elementor-drop-cap{float:left;text-align:center;line-height:1;font-size:50px}.elementor-widget-text-editor .elementor-drop-cap-letter{display:inline-block}<\/style>\t\t\t\t<p>El sistema electr\u00f3nico de calibraci\u00f3n \u201cFLEXSORT\u201d permite realizar una selecci\u00f3n \u00f3ptima de frutas y hortalizas en funci\u00f3n de variables como peso, color, di\u00e1metro, longitud, \u00e1rea, etc.<\/p><p>Su principal virtud es su robustez, fiabilidad y gran facilidad de uso, que permite un r\u00e1pido y sencillo acceso a la informaci\u00f3n; sin olvidar aspectos clave como su modularidad y escalabilidad. Cabe tambi\u00e9n destacar la alta velocidad de proceso, alcanzando hasta 30 frutos \/ segundo \/ l\u00ednea de calibraci\u00f3n, dependiendo de las limitaciones mec\u00e1nicas.<\/p><p>Aparte de las tareas de calibraci\u00f3n y detecci\u00f3n de productos defectuosos, presenta una serie de funciones adicionales muy \u00fatiles para un \u00f3ptimo trabajo de calibraci\u00f3n como el ajuste autom\u00e1tico de velocidades, control de llenado de envases, detecci\u00f3n y correcci\u00f3n de problemas mec\u00e1nicos (estiramiento de cadenas, detecci\u00f3n de cazoletas defectuosas, engrasado autom\u00e1tico, activaci\u00f3n exacta de electroimanes alargando su vida \u00fatil en un % elevado, etc.). Tambi\u00e9n permite la exportaci\u00f3n de datos de calibraci\u00f3n a sistemas de trazabilidad o gesti\u00f3n interna de la producci\u00f3n as\u00ed como el acceso a los mismos de forma remota (internet).<\/p><p>Nuestra soluci\u00f3n \u201cFLEXSORT\u201d est\u00e1 totalmente basada en hardware industrial para garantizar la m\u00e1xima robustez del sistema y es totalmente independiente de la PC de operaci\u00f3n, un ejemplo t\u00edpico de nuestra arquitectura:<\/p>\t\t\t\t\t\t<\/div>\n\t\t\t\t<\/div>\n\t\t\t\t<\/div>\n\t\t<div class=\"elementor-element elementor-element-9d73739 e-con-full e-flex elementor-invisible e-con\" data-id=\"9d73739\" data-element_type=\"container\" data-settings=\"{&quot;content_width&quot;:&quot;full&quot;,&quot;background_background&quot;:&quot;classic&quot;,&quot;animation&quot;:&quot;fadeIn&quot;}\">\n\t\t\t\t<div class=\"elementor-element elementor-element-4a5c111 elementor-widget elementor-widget-spacer\" data-id=\"4a5c111\" data-element_type=\"widget\" data-widget_type=\"spacer.default\">\n\t\t\t\t<div class=\"elementor-widget-container\">\n\t\t\t<style>\/*! elementor - v3.15.0 - 31-07-2023 *\/\n.elementor-column .elementor-spacer-inner{height:var(--spacer-size)}.e-con{--container-widget-width:100%}.e-con-inner>.elementor-widget-spacer,.e-con>.elementor-widget-spacer{width:var(--container-widget-width,var(--spacer-size));--align-self:var(--container-widget-align-self,initial);--flex-shrink:0}.e-con-inner>.elementor-widget-spacer>.elementor-widget-container,.e-con-inner>.elementor-widget-spacer>.elementor-widget-container>.elementor-spacer,.e-con>.elementor-widget-spacer>.elementor-widget-container,.e-con>.elementor-widget-spacer>.elementor-widget-container>.elementor-spacer{height:100%}.e-con-inner>.elementor-widget-spacer>.elementor-widget-container>.elementor-spacer>.elementor-spacer-inner,.e-con>.elementor-widget-spacer>.elementor-widget-container>.elementor-spacer>.elementor-spacer-inner{height:var(--container-widget-height,var(--spacer-size))}<\/style>\t\t<div class=\"elementor-spacer\">\n\t\t\t<div class=\"elementor-spacer-inner\"><\/div>\n\t\t<\/div>\n\t\t\t\t<\/div>\n\t\t\t\t<\/div>\n\t\t\t\t<div class=\"elementor-element elementor-element-98a5d9c elementor-widget__width-initial elementor-widget elementor-widget-image\" data-id=\"98a5d9c\" data-element_type=\"widget\" data-widget_type=\"image.default\">\n\t\t\t\t<div class=\"elementor-widget-container\">\n\t\t\t<style>\/*! elementor - v3.15.0 - 31-07-2023 *\/\n.elementor-widget-image{text-align:center}.elementor-widget-image a{display:inline-block}.elementor-widget-image a img[src$=\".svg\"]{width:48px}.elementor-widget-image img{vertical-align:middle;display:inline-block}<\/style>\t\t\t\t\t\t\t\t\t\t\t\t<img loading=\"lazy\" decoding=\"async\" width=\"768\" height=\"455\" src=\"https:\/\/ferba.net\/wp-content\/uploads\/2023\/07\/flexsort-1-768x455.jpg\" class=\"attachment-medium_large size-medium_large wp-image-1972\" alt=\"\" srcset=\"https:\/\/ferba.net\/wp-content\/uploads\/2023\/07\/flexsort-1-768x455.jpg 768w, https:\/\/ferba.net\/wp-content\/uploads\/2023\/07\/flexsort-1-300x178.jpg 300w, https:\/\/ferba.net\/wp-content\/uploads\/2023\/07\/flexsort-1.jpg 800w\" sizes=\"auto, (max-width: 768px) 100vw, 768px\" \/>\t\t\t\t\t\t\t\t\t\t\t\t\t\t\t<\/div>\n\t\t\t\t<\/div>\n\t\t\t\t<\/div>\n\t\t\t\t<\/div>\n\t\t<div class=\"elementor-element elementor-element-9482713 e-con-full e-flex e-con\" data-id=\"9482713\" data-element_type=\"container\" data-settings=\"{&quot;content_width&quot;:&quot;full&quot;,&quot;background_background&quot;:&quot;classic&quot;}\">\n\t\t<div class=\"elementor-element elementor-element-cfa024b e-con-full e-flex e-con\" data-id=\"cfa024b\" data-element_type=\"container\" data-settings=\"{&quot;content_width&quot;:&quot;full&quot;}\">\n\t\t\t\t<div class=\"elementor-element elementor-element-55a4b04 elementor-widget__width-initial elementor-widget-tablet__width-initial elementor-widget elementor-widget-image\" data-id=\"55a4b04\" data-element_type=\"widget\" data-widget_type=\"image.default\">\n\t\t\t\t<div class=\"elementor-widget-container\">\n\t\t\t\t\t\t\t\t\t\t\t\t\t\t\t<img loading=\"lazy\" decoding=\"async\" width=\"755\" height=\"547\" src=\"https:\/\/ferba.net\/wp-content\/uploads\/2023\/07\/flexsort-0.jpg\" class=\"attachment-large size-large wp-image-2017\" alt=\"\" srcset=\"https:\/\/ferba.net\/wp-content\/uploads\/2023\/07\/flexsort-0.jpg 755w, https:\/\/ferba.net\/wp-content\/uploads\/2023\/07\/flexsort-0-300x217.jpg 300w\" sizes=\"auto, (max-width: 755px) 100vw, 755px\" \/>\t\t\t\t\t\t\t\t\t\t\t\t\t\t\t<\/div>\n\t\t\t\t<\/div>\n\t\t\t\t<div class=\"elementor-element elementor-element-85a1c90 elementor-widget__width-initial elementor-widget-tablet__width-initial elementor-widget elementor-widget-image\" data-id=\"85a1c90\" data-element_type=\"widget\" data-widget_type=\"image.default\">\n\t\t\t\t<div class=\"elementor-widget-container\">\n\t\t\t\t\t\t\t\t\t\t\t\t\t\t\t<img loading=\"lazy\" decoding=\"async\" width=\"755\" height=\"547\" src=\"https:\/\/ferba.net\/wp-content\/uploads\/2023\/07\/flexsort-01.jpg\" class=\"attachment-large size-large wp-image-2018\" alt=\"\" srcset=\"https:\/\/ferba.net\/wp-content\/uploads\/2023\/07\/flexsort-01.jpg 755w, https:\/\/ferba.net\/wp-content\/uploads\/2023\/07\/flexsort-01-300x217.jpg 300w\" sizes=\"auto, (max-width: 755px) 100vw, 755px\" \/>\t\t\t\t\t\t\t\t\t\t\t\t\t\t\t<\/div>\n\t\t\t\t<\/div>\n\t\t\t\t<\/div>\n\t\t<div class=\"elementor-element elementor-element-c216832 e-con-full e-flex e-con\" data-id=\"c216832\" data-element_type=\"container\" data-settings=\"{&quot;content_width&quot;:&quot;full&quot;}\">\n\t\t\t\t<div class=\"elementor-element elementor-element-28ff060 elementor-widget__width-initial elementor-widget elementor-widget-text-editor\" data-id=\"28ff060\" data-element_type=\"widget\" data-widget_type=\"text-editor.default\">\n\t\t\t\t<div class=\"elementor-widget-container\">\n\t\t\t\t\t\t\t<p>Algunos detalles de las posibilidades del software FLEXSORT:<\/p><ul><li>Posibilidad de combinar m\u00faltiples par\u00e1metros de calibraci\u00f3n (peso, color, longitud, etc.) de una forma sencilla as\u00ed como discriminar productos por su calidad externa (malformaciones, manchas \u2026).<\/li><li>Control y supervisi\u00f3n de llenado de envases por peso o n\u00ba de piezas, llenado autom\u00e1tico de cajas, \u201cllenado inteligente\u201d (distribuci\u00f3n uniforme de todas las salidas del calibrador), posibilidad de interacci\u00f3n con c\u00e9lulas robotizadas para envasado, etc.<\/li><li>Ajuste autom\u00e1tico de velocidades de elementos de la l\u00ednea de calibrado (volcadores, cintas, alineadores, etc.) y control sobre la alimentaci\u00f3n para optimizar el flujo de productos alimentando al calibrador con objeto de obtener el m\u00e1ximo rendimiento.<\/li><li>Posibilidad de consulta de datos externa, desde cualquier otro PC.<\/li><li>M\u00faltiples modos de b\u00fasqueda de datos, de forma totalmente intuitiva: informes por fechas, rango de fechas, productores \/ socios, variedades, etc.<\/li><li>Control y gesti\u00f3n de b\u00e1sculas de pesaje auxiliar (destr\u00edo, 2\u00aa, etc.). Posibilidad de compensaci\u00f3n autom\u00e1tica de partidas cuando se usan b\u00e1sculas de retorno.<\/li><li>Preparado para integrar control de trazabilidad, con posibilidad de realizar las modificaciones software necesarias a requerimientos del cliente.<\/li><li>Acceso al software desde dispositivos inal\u00e1mbricos como tablets o smartphones (iPad, iPhone, Android \u2026)<\/li><li>Asistencia t\u00e9cnica remota (se requiere conexi\u00f3n a Internet).<\/li><\/ul>\t\t\t\t\t\t<\/div>\n\t\t\t\t<\/div>\n\t\t\t\t<\/div>\n\t\t\t\t<\/div>\n\t\t<div class=\"elementor-element elementor-element-5323fc0 e-con-full e-flex e-con\" data-id=\"5323fc0\" data-element_type=\"container\" data-settings=\"{&quot;content_width&quot;:&quot;full&quot;}\">\n\t\t<div class=\"elementor-element elementor-element-0979968 e-con-full e-flex e-con\" data-id=\"0979968\" data-element_type=\"container\" data-settings=\"{&quot;content_width&quot;:&quot;full&quot;}\">\n\t\t\t\t<div class=\"elementor-element elementor-element-923e52e elementor-widget__width-initial elementor-widget elementor-widget-text-editor\" data-id=\"923e52e\" data-element_type=\"widget\" data-widget_type=\"text-editor.default\">\n\t\t\t\t<div class=\"elementor-widget-container\">\n\t\t\t\t\t\t\t<p>Seg\u00fan requerimientos, el sistema permite una calibraci\u00f3n de productos mediante varios par\u00e1metros o combinaciones entre ellos, de una forma totalmente intuitiva y sencilla para el usuario, que puede modificarlos a voluntad:<\/p><ul><li>Peso.<\/li><li>Color.<\/li><li>Longitud.<\/li><li>N\u00ba de piezas.<\/li><li>Di\u00e1metro.<\/li><li>\u00c1rea.<\/li><\/ul>\t\t\t\t\t\t<\/div>\n\t\t\t\t<\/div>\n\t\t\t\t<div class=\"elementor-element elementor-element-023038d elementor-widget__width-initial elementor-widget-tablet__width-initial elementor-widget elementor-widget-image-carousel\" data-id=\"023038d\" data-element_type=\"widget\" data-settings=\"{&quot;slides_to_show&quot;:&quot;1&quot;,&quot;navigation&quot;:&quot;none&quot;,&quot;autoplay_speed&quot;:2000,&quot;effect&quot;:&quot;fade&quot;,&quot;autoplay&quot;:&quot;yes&quot;,&quot;pause_on_hover&quot;:&quot;yes&quot;,&quot;pause_on_interaction&quot;:&quot;yes&quot;,&quot;infinite&quot;:&quot;yes&quot;,&quot;speed&quot;:500}\" data-widget_type=\"image-carousel.default\">\n\t\t\t\t<div class=\"elementor-widget-container\">\n\t\t\t<style>\/*! elementor - v3.15.0 - 31-07-2023 *\/\n.elementor-widget-image-carousel .swiper,.elementor-widget-image-carousel .swiper-container{position:static}.elementor-widget-image-carousel .swiper-container .swiper-slide figure,.elementor-widget-image-carousel .swiper .swiper-slide figure{line-height:inherit}.elementor-widget-image-carousel .swiper-slide{text-align:center}.elementor-image-carousel-wrapper:not(.swiper-container-initialized):not(.swiper-initialized) .swiper-slide{max-width:calc(100% \/ var(--e-image-carousel-slides-to-show, 3))}<\/style>\t\t<div class=\"elementor-image-carousel-wrapper swiper\" dir=\"ltr\">\n\t\t\t<div class=\"elementor-image-carousel swiper-wrapper swiper-image-stretch\" aria-live=\"off\">\n\t\t\t\t\t\t\t\t<div class=\"swiper-slide\" role=\"group\" aria-roledescription=\"slide\" aria-label=\"1 de 5\"><figure class=\"swiper-slide-inner\"><img decoding=\"async\" class=\"swiper-slide-image\" src=\"https:\/\/ferba.net\/wp-content\/uploads\/2023\/07\/flexsort-4.jpg\" alt=\"flexsort-4\" \/><\/figure><\/div><div class=\"swiper-slide\" role=\"group\" aria-roledescription=\"slide\" aria-label=\"2 de 5\"><figure class=\"swiper-slide-inner\"><img decoding=\"async\" class=\"swiper-slide-image\" src=\"https:\/\/ferba.net\/wp-content\/uploads\/2023\/07\/flexsort-5-768x456.jpg\" alt=\"flexsort-5\" \/><\/figure><\/div><div class=\"swiper-slide\" role=\"group\" aria-roledescription=\"slide\" aria-label=\"3 de 5\"><figure class=\"swiper-slide-inner\"><img decoding=\"async\" class=\"swiper-slide-image\" src=\"https:\/\/ferba.net\/wp-content\/uploads\/2023\/07\/flexsort-6.jpg\" alt=\"flexsort-6\" \/><\/figure><\/div><div class=\"swiper-slide\" role=\"group\" aria-roledescription=\"slide\" aria-label=\"4 de 5\"><figure class=\"swiper-slide-inner\"><img decoding=\"async\" class=\"swiper-slide-image\" src=\"https:\/\/ferba.net\/wp-content\/uploads\/2023\/07\/flexsort-7.jpg\" alt=\"flexsort-7\" \/><\/figure><\/div><div class=\"swiper-slide\" role=\"group\" aria-roledescription=\"slide\" aria-label=\"5 de 5\"><figure class=\"swiper-slide-inner\"><img decoding=\"async\" class=\"swiper-slide-image\" src=\"https:\/\/ferba.net\/wp-content\/uploads\/2023\/07\/flexsort-8-768x454.jpg\" alt=\"flexsort-8\" \/><\/figure><\/div>\t\t\t<\/div>\n\t\t\t\t\t\t\t\n\t\t\t\t\t\t\t\t\t<\/div>\n\t\t\t\t<\/div>\n\t\t\t\t<\/div>\n\t\t\t\t<\/div>\n\t\t\t\t<\/div>\n\t\t\t\t\t\t\t<\/div>\n\t\t","protected":false},"excerpt":{"rendered":"<p>VIDEOSTREAMING seleo.gr globalprimeway.com edworx.com jpbiotech.com 3d-motoculture.com Flexsort \u201cSistema electr\u00f3nico de calibraci\u00f3n\u201d El sistema electr\u00f3nico de calibraci\u00f3n \u201cFLEXSORT\u201d permite realizar una selecci\u00f3n \u00f3ptima de frutas y hortalizas en funci\u00f3n de variables como peso, color, di\u00e1metro, longitud, \u00e1rea, etc. Su principal virtud es su robustez, fiabilidad y gran facilidad de uso, que permite un r\u00e1pido y sencillo [&hellip;]<\/p>\n","protected":false},"author":1,"featured_media":0,"parent":0,"menu_order":22,"comment_status":"closed","ping_status":"closed","template":"elementor_header_footer","meta":{"footnotes":""},"class_list":["post-1970","page","type-page","status-publish","hentry"],"_links":{"self":[{"href":"https:\/\/ferba.net\/es\/wp-json\/wp\/v2\/pages\/1970","targetHints":{"allow":["GET"]}}],"collection":[{"href":"https:\/\/ferba.net\/es\/wp-json\/wp\/v2\/pages"}],"about":[{"href":"https:\/\/ferba.net\/es\/wp-json\/wp\/v2\/types\/page"}],"author":[{"embeddable":true,"href":"https:\/\/ferba.net\/es\/wp-json\/wp\/v2\/users\/1"}],"replies":[{"embeddable":true,"href":"https:\/\/ferba.net\/es\/wp-json\/wp\/v2\/comments?post=1970"}],"version-history":[{"count":1,"href":"https:\/\/ferba.net\/es\/wp-json\/wp\/v2\/pages\/1970\/revisions"}],"predecessor-version":[{"id":2408,"href":"https:\/\/ferba.net\/es\/wp-json\/wp\/v2\/pages\/1970\/revisions\/2408"}],"wp:attachment":[{"href":"https:\/\/ferba.net\/es\/wp-json\/wp\/v2\/media?parent=1970"}],"curies":[{"name":"wp","href":"https:\/\/api.w.org\/{rel}","templated":true}]}}