{"id":401,"date":"2023-06-24T23:22:04","date_gmt":"2023-06-25T05:22:04","guid":{"rendered":"http:\/\/ferba.net\/?page_id=401"},"modified":"2023-09-25T16:05:47","modified_gmt":"2023-09-25T22:05:47","slug":"compania","status":"publish","type":"page","link":"https:\/\/ferba.net\/es\/compania\/","title":{"rendered":"Compa\u00f1\u00eda"},"content":{"rendered":"\t\t<div data-elementor-type=\"wp-page\" data-elementor-id=\"401\" class=\"elementor elementor-401\" data-elementor-post-type=\"page\">\n\t\t\t\t\t\t\t<div class=\"elementor-element elementor-element-f6dc87d e-con-full e-flex e-con\" data-id=\"f6dc87d\" data-element_type=\"container\" data-settings=\"{&quot;content_width&quot;:&quot;full&quot;,&quot;background_background&quot;:&quot;video&quot;,&quot;background_video_link&quot;:&quot;https:\\\/\\\/www.youtube.com\\\/watch?v=9GnSJvca3nY&quot;}\">\n\t\t<div class=\"elementor-background-video-container elementor-hidden-phone\">\n\t\t\t\t\t\t\t<div class=\"elementor-background-video-embed\"><\/div>\n\t\t\t\t\t\t<\/div>\t\t<\/div>\n\t\t<div class=\"elementor-element elementor-element-622bea5 e-con-full e-flex e-con\" data-id=\"622bea5\" data-element_type=\"container\" data-settings=\"{&quot;content_width&quot;:&quot;full&quot;,&quot;background_background&quot;:&quot;classic&quot;}\">\n\t\t\t\t<div class=\"elementor-element elementor-element-f1f7427 elementor-widget__width-initial e-n-tabs-mobile elementor-widget elementor-widget-n-tabs\" data-id=\"f1f7427\" data-element_type=\"widget\" data-settings=\"{&quot;tabs_justify_horizontal&quot;:&quot;start&quot;,&quot;tabs_justify_horizontal_mobile&quot;:&quot;stretch&quot;,&quot;horizontal_scroll_mobile&quot;:&quot;disable&quot;,&quot;horizontal_scroll&quot;:&quot;disable&quot;}\" data-widget_type=\"nested-tabs.default\">\n\t\t\t\t<div class=\"elementor-widget-container\">\n\t\t\t\t\t<div class=\"e-n-tabs\">\n\t\t\t<div class=\"e-n-tabs-heading\" role=\"tablist\">\n\t\t\t\t<div id=\"e-n-tabs-title-2531\" class=\"e-n-tab-title e-normal\" aria-selected=\"true\" data-tab=\"1\" role=\"tab\" tabindex=\"0\" aria-controls=\"e-n-tab-content-2531\" aria-expanded=\"false\">\t<span class=\"e-n-tab-icon\"><\/span>\t<span class=\"e-n-tab-title-text\">Compa\u00f1\u00eda<\/span><\/div><div id=\"e-n-tabs-title-2532\" class=\"e-n-tab-title e-normal\" aria-selected=\"false\" data-tab=\"2\" role=\"tab\" tabindex=\"-1\" aria-controls=\"e-n-tab-content-2532\" aria-expanded=\"false\">\t<span class=\"e-n-tab-icon\"><\/span>\t<span class=\"e-n-tab-title-text\">Misi\u00f3n<\/span><\/div><div id=\"e-n-tabs-title-2533\" class=\"e-n-tab-title e-normal\" aria-selected=\"false\" data-tab=\"3\" role=\"tab\" tabindex=\"-1\" aria-controls=\"e-n-tab-content-2533\" aria-expanded=\"false\">\t<span class=\"e-n-tab-icon\"><\/span>\t<span class=\"e-n-tab-title-text\">Visi\u00f3n<\/span><\/div>\t\t\t<\/div>\n\t\t\t<div class=\"e-n-tabs-content\" role=\"tablist\" aria-orientation=\"vertical\">\n\t\t\t\t<div class=\"e-n-tab-title e-collapse\" aria-selected=\"true\" data-tab=\"1\" role=\"tab\" tabindex=\"0\" aria-controls=\"e-n-tab-content-2531\" aria-expanded=\"false\" id=\"e-n-tabs-title-2531-accordion\">\t<span class=\"e-n-tab-icon\"><\/span>\t<span class=\"e-n-tab-title-text\">Compa\u00f1\u00eda<\/span><\/div><div class=\"elementor-element elementor-element-4fa3c07 e-con-full e-flex e-con\" data-id=\"4fa3c07\" data-element_type=\"container\" data-settings=\"{&quot;content_width&quot;:&quot;full&quot;,&quot;animation&quot;:&quot;none&quot;,&quot;background_background&quot;:&quot;classic&quot;}\">\n\t\t\t\t<div class=\"elementor-element elementor-element-6f1d8c2 elementor-widget__width-initial elementor-invisible elementor-widget elementor-widget-heading\" data-id=\"6f1d8c2\" data-element_type=\"widget\" data-settings=\"{&quot;_animation&quot;:&quot;fadeInRight&quot;}\" data-widget_type=\"heading.default\">\n\t\t\t\t<div class=\"elementor-widget-container\">\n\t\t\t<style>\/*! elementor - v3.15.0 - 31-07-2023 *\/\n.elementor-heading-title{padding:0;margin:0;line-height:1}.elementor-widget-heading .elementor-heading-title[class*=elementor-size-]>a{color:inherit;font-size:inherit;line-height:inherit}.elementor-widget-heading .elementor-heading-title.elementor-size-small{font-size:15px}.elementor-widget-heading .elementor-heading-title.elementor-size-medium{font-size:19px}.elementor-widget-heading .elementor-heading-title.elementor-size-large{font-size:29px}.elementor-widget-heading .elementor-heading-title.elementor-size-xl{font-size:39px}.elementor-widget-heading .elementor-heading-title.elementor-size-xxl{font-size:59px}<\/style><h2 class=\"elementor-heading-title elementor-size-default\">FERBA<\/h2>\t\t<\/div>\n\t\t\t\t<\/div>\n\t\t<div class=\"elementor-element elementor-element-0fa89ee e-con-full e-flex elementor-invisible e-con\" data-id=\"0fa89ee\" data-element_type=\"container\" data-settings=\"{&quot;content_width&quot;:&quot;full&quot;,&quot;background_background&quot;:&quot;classic&quot;,&quot;animation&quot;:&quot;fadeInUp&quot;}\">\n\t\t\t\t<div class=\"elementor-element elementor-element-25b4002 elementor-widget__width-initial elementor-absolute elementor-widget elementor-widget-image\" data-id=\"25b4002\" data-element_type=\"widget\" data-settings=\"{&quot;_position&quot;:&quot;absolute&quot;}\" data-widget_type=\"image.default\">\n\t\t\t\t<div class=\"elementor-widget-container\">\n\t\t\t<style>\/*! elementor - v3.15.0 - 31-07-2023 *\/\n.elementor-widget-image{text-align:center}.elementor-widget-image a{display:inline-block}.elementor-widget-image a img[src$=\".svg\"]{width:48px}.elementor-widget-image img{vertical-align:middle;display:inline-block}<\/style>\t\t\t\t\t\t\t\t\t\t\t\t<img loading=\"lazy\" decoding=\"async\" width=\"420\" height=\"580\" src=\"https:\/\/ferba.net\/wp-content\/uploads\/2023\/06\/about.webp\" class=\"attachment-large size-large wp-image-403\" alt=\"\" srcset=\"https:\/\/ferba.net\/wp-content\/uploads\/2023\/06\/about.webp 420w, https:\/\/ferba.net\/wp-content\/uploads\/2023\/06\/about-217x300.webp 217w\" sizes=\"auto, (max-width: 420px) 100vw, 420px\" \/>\t\t\t\t\t\t\t\t\t\t\t\t\t\t\t<\/div>\n\t\t\t\t<\/div>\n\t\t\t\t<div class=\"elementor-element elementor-element-4019ebc elementor-widget__width-initial elementor-widget elementor-widget-text-editor\" data-id=\"4019ebc\" data-element_type=\"widget\" data-widget_type=\"text-editor.default\">\n\t\t\t\t<div class=\"elementor-widget-container\">\n\t\t\t<style>\/*! elementor - v3.15.0 - 31-07-2023 *\/\n.elementor-widget-text-editor.elementor-drop-cap-view-stacked .elementor-drop-cap{background-color:#69727d;color:#fff}.elementor-widget-text-editor.elementor-drop-cap-view-framed .elementor-drop-cap{color:#69727d;border:3px solid;background-color:transparent}.elementor-widget-text-editor:not(.elementor-drop-cap-view-default) .elementor-drop-cap{margin-top:8px}.elementor-widget-text-editor:not(.elementor-drop-cap-view-default) .elementor-drop-cap-letter{width:1em;height:1em}.elementor-widget-text-editor .elementor-drop-cap{float:left;text-align:center;line-height:1;font-size:50px}.elementor-widget-text-editor .elementor-drop-cap-letter{display:inline-block}<\/style>\t\t\t\t<p><strong>FERBA LLC<\/strong> es un fabricante norteamericano de maquinaria de procesamiento postcosecha orgulloso de sus ra\u00edces espa\u00f1olas que se remontan a m\u00e1s de 20 a\u00f1os de trabajo constante y desarrollo de tecnolog\u00eda.<\/p><p>Hoy contamos con presencia en EEUU, Espa\u00f1a, M\u00e9xico y Per\u00fa\u2026 \u00a1seguimos expandiendo nuestro territorio!<\/p><p>Nuestros equipos cuentan con los sistemas m\u00e1s avanzados en tecnolog\u00eda industrial, para que nuestra maquinaria sea confiable y soporte los ambientes m\u00e1s rudos y adversos. Adem\u00e1s nuestros sistemas operan sobre la m\u00e1s alta tecnolog\u00eda de Ethernet Industrial, tal como PROFINET, para garantizar la m\u00e1xima disponibilidad y evitar la obsolesencia de los componentes inteligentes de nuestra maquinaria.<\/p>\t\t\t\t\t\t<\/div>\n\t\t\t\t<\/div>\n\t\t\t\t<\/div>\n\t\t\t\t<\/div>\n\t\t<div class=\"e-n-tab-title e-collapse\" aria-selected=\"false\" data-tab=\"2\" role=\"tab\" tabindex=\"-1\" aria-controls=\"e-n-tab-content-2532\" aria-expanded=\"false\" id=\"e-n-tabs-title-2532-accordion\">\t<span class=\"e-n-tab-icon\"><\/span>\t<span class=\"e-n-tab-title-text\">Misi\u00f3n<\/span><\/div><div class=\"elementor-element elementor-element-6b2d9fa e-con-full e-flex e-con\" data-id=\"6b2d9fa\" data-element_type=\"container\" data-settings=\"{&quot;content_width&quot;:&quot;full&quot;,&quot;background_background&quot;:&quot;classic&quot;}\">\n\t\t\t\t<div class=\"elementor-element elementor-element-f96dfd5 elementor-widget__width-initial elementor-invisible elementor-widget elementor-widget-heading\" data-id=\"f96dfd5\" data-element_type=\"widget\" data-settings=\"{&quot;_animation&quot;:&quot;fadeInRight&quot;}\" data-widget_type=\"heading.default\">\n\t\t\t\t<div class=\"elementor-widget-container\">\n\t\t\t<h2 class=\"elementor-heading-title elementor-size-default\">MISI\u00d3N<\/h2>\t\t<\/div>\n\t\t\t\t<\/div>\n\t\t<div class=\"elementor-element elementor-element-24e4c5f e-con-full e-flex elementor-invisible e-con\" data-id=\"24e4c5f\" data-element_type=\"container\" data-settings=\"{&quot;content_width&quot;:&quot;full&quot;,&quot;background_background&quot;:&quot;classic&quot;,&quot;animation&quot;:&quot;fadeInUp&quot;}\">\n\t\t\t\t<div class=\"elementor-element elementor-element-0069efb elementor-widget__width-initial elementor-absolute elementor-widget elementor-widget-image\" data-id=\"0069efb\" data-element_type=\"widget\" data-settings=\"{&quot;_position&quot;:&quot;absolute&quot;}\" data-widget_type=\"image.default\">\n\t\t\t\t<div class=\"elementor-widget-container\">\n\t\t\t\t\t\t\t\t\t\t\t\t\t\t\t<img loading=\"lazy\" decoding=\"async\" width=\"420\" height=\"580\" src=\"https:\/\/ferba.net\/wp-content\/uploads\/2023\/06\/about.webp\" class=\"attachment-large size-large wp-image-403\" alt=\"\" srcset=\"https:\/\/ferba.net\/wp-content\/uploads\/2023\/06\/about.webp 420w, https:\/\/ferba.net\/wp-content\/uploads\/2023\/06\/about-217x300.webp 217w\" sizes=\"auto, (max-width: 420px) 100vw, 420px\" \/>\t\t\t\t\t\t\t\t\t\t\t\t\t\t\t<\/div>\n\t\t\t\t<\/div>\n\t\t\t\t<div class=\"elementor-element elementor-element-7023d29 elementor-widget__width-initial elementor-widget elementor-widget-text-editor\" data-id=\"7023d29\" data-element_type=\"widget\" data-widget_type=\"text-editor.default\">\n\t\t\t\t<div class=\"elementor-widget-container\">\n\t\t\t\t\t\t\t<p>Dise\u00f1ar, fabricar y comercializar maquinaria de alta calidad y alta tecnolog\u00eda para coadyuvar en la mejora de la productividad y la rentabilidad de los procesos agroindustriales postcosecha optimizando el uso de los recursos naturales y reduciendo el impacto ambiental.<\/p>\t\t\t\t\t\t<\/div>\n\t\t\t\t<\/div>\n\t\t\t\t<\/div>\n\t\t\t\t<\/div>\n\t\t<div class=\"e-n-tab-title e-collapse\" aria-selected=\"false\" data-tab=\"3\" role=\"tab\" tabindex=\"-1\" aria-controls=\"e-n-tab-content-2533\" aria-expanded=\"false\" id=\"e-n-tabs-title-2533-accordion\">\t<span class=\"e-n-tab-icon\"><\/span>\t<span class=\"e-n-tab-title-text\">Visi\u00f3n<\/span><\/div><div class=\"elementor-element elementor-element-d5cb87e e-con-full e-flex e-con\" data-id=\"d5cb87e\" data-element_type=\"container\" data-settings=\"{&quot;content_width&quot;:&quot;full&quot;,&quot;background_background&quot;:&quot;classic&quot;}\">\n\t\t\t\t<div class=\"elementor-element elementor-element-44d24e6 elementor-widget__width-initial elementor-invisible elementor-widget elementor-widget-heading\" data-id=\"44d24e6\" data-element_type=\"widget\" data-settings=\"{&quot;_animation&quot;:&quot;fadeInRight&quot;}\" data-widget_type=\"heading.default\">\n\t\t\t\t<div class=\"elementor-widget-container\">\n\t\t\t<h2 class=\"elementor-heading-title elementor-size-default\">VISI\u00d3N<\/h2>\t\t<\/div>\n\t\t\t\t<\/div>\n\t\t<div class=\"elementor-element elementor-element-37131ac e-con-full e-flex elementor-invisible e-con\" data-id=\"37131ac\" data-element_type=\"container\" data-settings=\"{&quot;content_width&quot;:&quot;full&quot;,&quot;background_background&quot;:&quot;classic&quot;,&quot;animation&quot;:&quot;fadeInUp&quot;}\">\n\t\t\t\t<div class=\"elementor-element elementor-element-6fe1827 elementor-widget__width-initial elementor-absolute elementor-widget elementor-widget-image\" data-id=\"6fe1827\" data-element_type=\"widget\" data-settings=\"{&quot;_position&quot;:&quot;absolute&quot;}\" data-widget_type=\"image.default\">\n\t\t\t\t<div class=\"elementor-widget-container\">\n\t\t\t\t\t\t\t\t\t\t\t\t\t\t\t<img loading=\"lazy\" decoding=\"async\" width=\"420\" height=\"580\" src=\"https:\/\/ferba.net\/wp-content\/uploads\/2023\/06\/about.webp\" class=\"attachment-large size-large wp-image-403\" alt=\"\" srcset=\"https:\/\/ferba.net\/wp-content\/uploads\/2023\/06\/about.webp 420w, https:\/\/ferba.net\/wp-content\/uploads\/2023\/06\/about-217x300.webp 217w\" sizes=\"auto, (max-width: 420px) 100vw, 420px\" \/>\t\t\t\t\t\t\t\t\t\t\t\t\t\t\t<\/div>\n\t\t\t\t<\/div>\n\t\t\t\t<div class=\"elementor-element elementor-element-d5be06f elementor-widget__width-initial elementor-widget elementor-widget-text-editor\" data-id=\"d5be06f\" data-element_type=\"widget\" data-widget_type=\"text-editor.default\">\n\t\t\t\t<div class=\"elementor-widget-container\">\n\t\t\t\t\t\t\t<p>Ser un fabricante global l\u00edder en maquinaria agroindustrial, ofreciendo soluciones personalizadas y de calidad a nuestros clientes.<\/p>\t\t\t\t\t\t<\/div>\n\t\t\t\t<\/div>\n\t\t\t\t<\/div>\n\t\t\t\t<\/div>\n\t\t\t\t\t<\/div>\n\t\t<\/div>\n\t\t\t\t<\/div>\n\t\t\t\t<\/div>\n\t\t\t\t<\/div>\n\t\t\t\t\t\t\t<\/div>\n\t\t","protected":false},"excerpt":{"rendered":"<p>Compa\u00f1\u00eda Misi\u00f3n Visi\u00f3n Compa\u00f1\u00eda FERBA FERBA LLC es un fabricante norteamericano de maquinaria de procesamiento postcosecha orgulloso de sus ra\u00edces espa\u00f1olas que se remontan a m\u00e1s de 20 a\u00f1os de trabajo constante y desarrollo de tecnolog\u00eda. Hoy contamos con presencia en EEUU, Espa\u00f1a, M\u00e9xico y Per\u00fa\u2026 \u00a1seguimos expandiendo nuestro territorio! Nuestros equipos cuentan con los [&hellip;]<\/p>\n","protected":false},"author":1,"featured_media":0,"parent":0,"menu_order":3,"comment_status":"closed","ping_status":"closed","template":"elementor_header_footer","meta":{"footnotes":""},"class_list":["post-401","page","type-page","status-publish","hentry"],"_links":{"self":[{"href":"https:\/\/ferba.net\/es\/wp-json\/wp\/v2\/pages\/401","targetHints":{"allow":["GET"]}}],"collection":[{"href":"https:\/\/ferba.net\/es\/wp-json\/wp\/v2\/pages"}],"about":[{"href":"https:\/\/ferba.net\/es\/wp-json\/wp\/v2\/types\/page"}],"author":[{"embeddable":true,"href":"https:\/\/ferba.net\/es\/wp-json\/wp\/v2\/users\/1"}],"replies":[{"embeddable":true,"href":"https:\/\/ferba.net\/es\/wp-json\/wp\/v2\/comments?post=401"}],"version-history":[{"count":0,"href":"https:\/\/ferba.net\/es\/wp-json\/wp\/v2\/pages\/401\/revisions"}],"wp:attachment":[{"href":"https:\/\/ferba.net\/es\/wp-json\/wp\/v2\/media?parent=401"}],"curies":[{"name":"wp","href":"https:\/\/api.w.org\/{rel}","templated":true}]}}